{"id":50,"date":"2025-03-12T20:21:51","date_gmt":"2025-03-12T20:21:51","guid":{"rendered":"http:\/\/www.ts3d.fi\/?page_id=50"},"modified":"2025-12-27T14:50:15","modified_gmt":"2025-12-27T14:50:15","slug":"etusivu","status":"publish","type":"page","link":"https:\/\/www.ts3d.fi\/","title":{"rendered":"ETUSIVU"},"content":{"rendered":"\n\n\t\t\t\t<img decoding=\"async\" src=\"http:\/\/www.ts3d.fi\/wp-content\/uploads\/2025\/03\/cover-header.png\" alt=\"cover header\" itemprop=\"image\" height=\"833\" width=\"3333\" title=\"cover header\" onerror=\"this.style.display='none'\" loading=\"lazy\" \/>\n\t<p>Teemme 3D -suunnittelut\u00f6it\u00e4 ja -tulostuksia Kymenlaakson alueella. Mallistostamme l\u00f6ytyy t\u00e4ll\u00e4 hetkell\u00e4 esimerksiksi erilaisia ty\u00f6kalutarvikkeita ty\u00f6kalujen s\u00e4ilytt\u00e4miseen ja j\u00e4rjest\u00e4miseen, erilaisia s\u00e4ilytysratkaisuja, -koukkuja ja -laatikoita esimerkiksi autotallin tai varaston j\u00e4rjest\u00e4miseen sek\u00e4 varaosia erilaisiin laitteisiin. Suunnittelemme my\u00f6s t\u00e4ysin mittatilaustuotteita asiakkaan toiveiden perusteella.<\/p>\n<p>Sivustolla muutamia esimerkkej\u00e4 jo tehdyist\u00e4 t\u00f6ist\u00e4. Mik\u00e4li et l\u00f6yd\u00e4 tarvitsemaasi valmiista valikoimastamme, ota yhteytt\u00e4 niin rakennetaan tarpeisiisi sopiva ratkaisu.<\/p>\n\t\t\t\t<img decoding=\"async\" src=\"http:\/\/www.ts3d.fi\/wp-content\/uploads\/2025\/03\/otsikkobox-1024x1024.png\" alt=\"otsikkobox\" itemprop=\"image\" height=\"1024\" width=\"1024\" title=\"otsikkobox\" onerror=\"this.style.display='none'\" loading=\"lazy\" \/>\n\t\t\t\t<img decoding=\"async\" src=\"http:\/\/www.ts3d.fi\/wp-content\/uploads\/2025\/03\/otsikkobox2-1024x1024.png\" alt=\"otsikkobox2\" itemprop=\"image\" height=\"1024\" width=\"1024\" title=\"otsikkobox2\" onerror=\"this.style.display='none'\" loading=\"lazy\" \/>\n\t\t\t\t<img decoding=\"async\" src=\"http:\/\/www.ts3d.fi\/wp-content\/uploads\/2025\/03\/otsikkobox3-1024x1024.png\" alt=\"otsikkobox3\" itemprop=\"image\" height=\"1024\" width=\"1024\" title=\"otsikkobox3\" onerror=\"this.style.display='none'\" loading=\"lazy\" \/>\n<h2>\n\t\t\tLis\u00e4\u00e4 kuvia tehdyist\u00e4 t\u00f6ist\u00e4 Instagramissa, ota seurantaan!\t<\/h2>\n\t\t\t<a href=\"https:\/\/www.instagram.com\/t_s_3_d\/\" target=\"_blank\" rel=\"noopener\">\n\t\t\t\t\t\tSeuraa Instagramissa \n\t\t\t\t\t<\/a>\n\t\t\t\t<img decoding=\"async\" src=\"http:\/\/www.ts3d.fi\/wp-content\/uploads\/2025\/03\/cover-.png\" alt=\"cover\" itemprop=\"image\" height=\"417\" width=\"3333\" title=\"cover\" onerror=\"this.style.display='none'\" loading=\"lazy\" \/>\n\t\t\t\t<img decoding=\"async\" src=\"http:\/\/www.ts3d.fi\/wp-content\/uploads\/2025\/12\/1-1.png\" alt=\"1\" itemprop=\"image\" height=\"600\" width=\"600\" title=\"1\" onerror=\"this.style.display='none'\" loading=\"lazy\" \/>\n\t\t\t\t<img decoding=\"async\" src=\"http:\/\/www.ts3d.fi\/wp-content\/uploads\/2025\/12\/4.png\" alt=\"4\" itemprop=\"image\" height=\"600\" width=\"600\" title=\"4\" onerror=\"this.style.display='none'\" loading=\"lazy\" \/>\n\t\t\t\t<img decoding=\"async\" src=\"http:\/\/www.ts3d.fi\/wp-content\/uploads\/2025\/12\/3.png\" alt=\"3\" itemprop=\"image\" height=\"600\" width=\"600\" title=\"3\" onerror=\"this.style.display='none'\" loading=\"lazy\" \/>\n\t\t\t\t<img decoding=\"async\" src=\"http:\/\/www.ts3d.fi\/wp-content\/uploads\/2025\/12\/10.png\" alt=\"10\" itemprop=\"image\" height=\"600\" width=\"600\" title=\"10\" onerror=\"this.style.display='none'\" loading=\"lazy\" \/>\n\t\t\t\t<img decoding=\"async\" src=\"http:\/\/www.ts3d.fi\/wp-content\/uploads\/2025\/12\/5.png\" alt=\"5\" itemprop=\"image\" height=\"600\" width=\"600\" title=\"5\" onerror=\"this.style.display='none'\" loading=\"lazy\" \/>\n\t\t\t\t<img decoding=\"async\" src=\"http:\/\/www.ts3d.fi\/wp-content\/uploads\/2025\/12\/8.png\" alt=\"8\" itemprop=\"image\" height=\"600\" width=\"600\" title=\"8\" onerror=\"this.style.display='none'\" loading=\"lazy\" \/>\n\t\t\t\t<img decoding=\"async\" src=\"http:\/\/www.ts3d.fi\/wp-content\/uploads\/2025\/12\/7-1.png\" alt=\"7\" itemprop=\"image\" height=\"600\" width=\"600\" title=\"7\" onerror=\"this.style.display='none'\" loading=\"lazy\" \/>\n\t\t\t\t<img decoding=\"async\" src=\"http:\/\/www.ts3d.fi\/wp-content\/uploads\/2025\/12\/6.png\" alt=\"6\" itemprop=\"image\" height=\"600\" width=\"600\" title=\"6\" onerror=\"this.style.display='none'\" loading=\"lazy\" \/>\n\t\t\t\t<img decoding=\"async\" src=\"http:\/\/www.ts3d.fi\/wp-content\/uploads\/2025\/12\/9.png\" alt=\"9\" itemprop=\"image\" height=\"600\" width=\"600\" title=\"9\" onerror=\"this.style.display='none'\" loading=\"lazy\" \/>\n\t\t\t\t<img decoding=\"async\" src=\"http:\/\/www.ts3d.fi\/wp-content\/uploads\/2025\/03\/cover-.png\" alt=\"cover\" itemprop=\"image\" height=\"417\" width=\"3333\" title=\"cover\" onerror=\"this.style.display='none'\" loading=\"lazy\" \/>\n\t<h1>TIEDUSTELUT JA TILAUKSET<\/h1>\n\t<h3>tilaukset@ts3d.fi<\/h3>\n\t<strong>TS3D-Palvelut<\/strong><br \/>\nHelmip\u00f6ll\u00f6ntie 13, 49220 Siltakyl\u00e4<br \/>\nY-tunnus 3553506-4\n\t\t\t\t<img decoding=\"async\" src=\"http:\/\/www.ts3d.fi\/wp-content\/uploads\/2025\/03\/cover.png\" alt=\"cover\" itemprop=\"image\" height=\"833\" width=\"3333\" title=\"cover\" onerror=\"this.style.display='none'\" loading=\"lazy\" \/>\n\n","protected":false},"excerpt":{"rendered":"<p>Teemme 3D -suunnittelut\u00f6it\u00e4 ja -tulostuksia Kymenlaakson alueella. Mallistostamme l\u00f6ytyy t\u00e4ll\u00e4 hetkell\u00e4 esimerksiksi erilaisia ty\u00f6kalutarvikkeita ty\u00f6kalujen s\u00e4ilytt\u00e4miseen ja j\u00e4rjest\u00e4miseen, erilaisia s\u00e4ilytysratkaisuja, [&hellip;]<\/p>\n","protected":false},"author":1,"featured_media":0,"parent":0,"menu_order":1,"comment_status":"closed","ping_status":"closed","template":"","meta":{"site-sidebar-layout":"default","site-content-layout":"","ast-site-content-layout":"","site-content-style":"default","site-sidebar-style":"default","ast-global-header-display":"","ast-banner-title-visibility":"","ast-main-header-display":"","ast-hfb-above-header-display":"","ast-hfb-below-header-display":"","ast-hfb-mobile-header-display":"","site-post-title":"disabled","ast-breadcrumbs-content":"","ast-featured-img":"","footer-sml-layout":"","ast-disable-related-posts":"","theme-transparent-header-meta":"","adv-header-id-meta":"","stick-header-meta":"","header-above-stick-meta":"","header-main-stick-meta":"","header-below-stick-meta":"","astra-migrate-meta-layouts":"default","ast-page-background-enabled":"default","ast-page-background-meta":{"desktop":{"background-color":"var(--ast-global-color-5)","background-image":"","background-repeat":"repeat","background-position":"center center","background-size":"auto","background-attachment":"scroll","background-type":"","background-media":"","overlay-type":"","overlay-color":"","overlay-opacity":"","overlay-gradient":""},"tablet":{"background-color":"","background-image":"","background-repeat":"repeat","background-position":"center center","background-size":"auto","background-attachment":"scroll","background-type":"","background-media":"","overlay-type":"","overlay-color":"","overlay-opacity":"","overlay-gradient":""},"mobile":{"background-color":"","background-image":"","background-repeat":"repeat","background-position":"center center","background-size":"auto","background-attachment":"scroll","background-type":"","background-media":"","overlay-type":"","overlay-color":"","overlay-opacity":"","overlay-gradient":""}},"ast-content-background-meta":{"desktop":{"background-color":"var(--ast-global-color-4)","background-image":"","background-repeat":"repeat","background-position":"center center","background-size":"auto","background-attachment":"scroll","background-type":"","background-media":"","overlay-type":"","overlay-color":"","overlay-opacity":"","overlay-gradient":""},"tablet":{"background-color":"var(--ast-global-color-4)","background-image":"","background-repeat":"repeat","background-position":"center center","background-size":"auto","background-attachment":"scroll","background-type":"","background-media":"","overlay-type":"","overlay-color":"","overlay-opacity":"","overlay-gradient":""},"mobile":{"background-color":"var(--ast-global-color-4)","background-image":"","background-repeat":"repeat","background-position":"center center","background-size":"auto","background-attachment":"scroll","background-type":"","background-media":"","overlay-type":"","overlay-color":"","overlay-opacity":"","overlay-gradient":""}},"footnotes":""},"class_list":["post-50","page","type-page","status-publish","hentry"],"_links":{"self":[{"href":"https:\/\/www.ts3d.fi\/index.php?rest_route=\/wp\/v2\/pages\/50","targetHints":{"allow":["GET"]}}],"collection":[{"href":"https:\/\/www.ts3d.fi\/index.php?rest_route=\/wp\/v2\/pages"}],"about":[{"href":"https:\/\/www.ts3d.fi\/index.php?rest_route=\/wp\/v2\/types\/page"}],"author":[{"embeddable":true,"href":"https:\/\/www.ts3d.fi\/index.php?rest_route=\/wp\/v2\/users\/1"}],"replies":[{"embeddable":true,"href":"https:\/\/www.ts3d.fi\/index.php?rest_route=%2Fwp%2Fv2%2Fcomments&post=50"}],"version-history":[{"count":11,"href":"https:\/\/www.ts3d.fi\/index.php?rest_route=\/wp\/v2\/pages\/50\/revisions"}],"predecessor-version":[{"id":190,"href":"https:\/\/www.ts3d.fi\/index.php?rest_route=\/wp\/v2\/pages\/50\/revisions\/190"}],"wp:attachment":[{"href":"https:\/\/www.ts3d.fi\/index.php?rest_route=%2Fwp%2Fv2%2Fmedia&parent=50"}],"curies":[{"name":"wp","href":"https:\/\/api.w.org\/{rel}","templated":true}]}}